{"id":20144,"date":"2022-01-10T13:02:11","date_gmt":"2022-01-10T12:02:11","guid":{"rendered":"https:\/\/howa-europe.com\/legal-notice\/"},"modified":"2026-02-26T10:38:24","modified_gmt":"2026-02-26T09:38:24","slug":"legal-notice","status":"publish","type":"page","link":"https:\/\/howa-europe.com\/en\/legal-notice\/","title":{"rendered":"Legal Notice"},"content":{"rendered":"\t\t<div data-elementor-type=\"wp-page\" data-elementor-id=\"20144\" class=\"elementor elementor-20144 elementor-17014\" data-elementor-post-type=\"page\">\n\t\t\t\t\t\t<section class=\"elementor-section elementor-top-section elementor-element elementor-element-e827817 elementor-section-stretched elementor-section-height-full elementor-section-boxed elementor-section-height-default elementor-section-items-middle sc_fly_static\" data-id=\"e827817\" data-element_type=\"section\" data-settings=\"{&quot;stretch_section&quot;:&quot;section-stretched&quot;,&quot;background_background&quot;:&quot;classic&quot;}\">\n\t\t\t\t\t\t\t<div class=\"elementor-background-overlay\"><\/div>\n\t\t\t\t\t\t\t<div class=\"elementor-container elementor-column-gap-extended\">\n\t\t\t\t\t<div class=\"elementor-column elementor-col-50 elementor-top-column elementor-element elementor-element-2df9d91 sc_inner_width_none sc_content_align_inherit sc_layouts_column_icons_position_left sc_fly_static\" data-id=\"2df9d91\" data-element_type=\"column\">\n\t\t\t<div class=\"elementor-widget-wrap elementor-element-populated\">\n\t\t\t\t\t\t<div class=\"elementor-element elementor-element-9b138cb sc_fly_static elementor-widget elementor-widget-spacer\" data-id=\"9b138cb\" data-element_type=\"widget\" data-widget_type=\"spacer.default\">\n\t\t\t\t<div class=\"elementor-widget-container\">\n\t\t\t\t\t\t\t<div class=\"elementor-spacer\">\n\t\t\t<div class=\"elementor-spacer-inner\"><\/div>\n\t\t<\/div>\n\t\t\t\t\t\t<\/div>\n\t\t\t\t<\/div>\n\t\t\t\t<div class=\"elementor-element elementor-element-420b53e sc_fly_static elementor-widget elementor-widget-heading\" data-id=\"420b53e\" data-element_type=\"widget\" data-widget_type=\"heading.default\">\n\t\t\t\t<div class=\"elementor-widget-container\">\n\t\t\t\t\t<h1 class=\"elementor-heading-title elementor-size-default\">Legal Notice<\/h1>\t\t\t\t<\/div>\n\t\t\t\t<\/div>\n\t\t\t\t<div class=\"elementor-element elementor-element-bbfa50f sc_fly_static elementor-widget elementor-widget-spacer\" data-id=\"bbfa50f\" data-element_type=\"widget\" data-widget_type=\"spacer.default\">\n\t\t\t\t<div class=\"elementor-widget-container\">\n\t\t\t\t\t\t\t<div class=\"elementor-spacer\">\n\t\t\t<div class=\"elementor-spacer-inner\"><\/div>\n\t\t<\/div>\n\t\t\t\t\t\t<\/div>\n\t\t\t\t<\/div>\n\t\t\t\t<section class=\"elementor-section elementor-inner-section elementor-element elementor-element-e73721b elementor-section-boxed elementor-section-height-default elementor-section-height-default sc_fly_static\" data-id=\"e73721b\" data-element_type=\"section\">\n\t\t\t\t\t\t<div class=\"elementor-container elementor-column-gap-extended\">\n\t\t\t\t\t<div class=\"elementor-column elementor-col-33 elementor-inner-column elementor-element elementor-element-3f04b0c sc_inner_width_none sc_content_align_inherit sc_layouts_column_icons_position_left sc_fly_static\" data-id=\"3f04b0c\" data-element_type=\"column\">\n\t\t\t<div class=\"elementor-widget-wrap elementor-element-populated\">\n\t\t\t\t\t\t<div class=\"elementor-element elementor-element-9a0e728 sc_layouts_hide_on_mobile elementor-view-default sc_fly_static elementor-widget elementor-widget-icon\" data-id=\"9a0e728\" data-element_type=\"widget\" data-widget_type=\"icon.default\">\n\t\t\t\t<div class=\"elementor-widget-container\">\n\t\t\t\t\t\t\t<div class=\"elementor-icon-wrapper\">\n\t\t\t<a class=\"elementor-icon\" href=\"#legal\">\n\t\t\t<svg xmlns=\"http:\/\/www.w3.org\/2000\/svg\" id=\"Calque_1\" data-name=\"Calque 1\" viewBox=\"0 0 100 100\"><rect width=\"100\" height=\"100\" style=\"fill:none\"><\/rect><path d=\"M50,4.36c-15.54,0-28.18,12.15-28.18,27.09V61.16c0,11.77,7.85,21.81,18.79,25.54v-1A26.24,26.24,0,0,1,22.82,61.16V31.45C22.82,17,35,5.32,50,5.32S77.18,17,77.18,31.45V61.16A26.24,26.24,0,0,1,59.39,85.68v1C70.33,83,78.18,72.93,78.18,61.16V31.45C78.18,16.51,65.54,4.36,50,4.36Z\" transform=\"translate(0 0)\" style=\"fill:#969696\"><\/path><path d=\"M55.35,91.55,50.5,96.4V33.62a3.23,3.23,0,1,0-1,0V96.4l-4.85-4.85a.51.51,0,0,0-.71,0,.5.5,0,0,0,0,.71L49.65,98a.51.51,0,0,0,.7,0l5.71-5.71a.5.5,0,0,0,0-.71A.51.51,0,0,0,55.35,91.55Z\" transform=\"translate(0 0)\" style=\"fill:#969696\"><\/path><\/svg>\t\t\t<\/a>\n\t\t<\/div>\n\t\t\t\t\t\t<\/div>\n\t\t\t\t<\/div>\n\t\t\t\t\t<\/div>\n\t\t<\/div>\n\t\t\t\t<div class=\"elementor-column elementor-col-66 elementor-inner-column elementor-element elementor-element-e4c1068 sc_inner_width_none sc_content_align_inherit sc_layouts_column_icons_position_left sc_fly_static\" data-id=\"e4c1068\" data-element_type=\"column\">\n\t\t\t<div class=\"elementor-widget-wrap\">\n\t\t\t\t\t\t\t<\/div>\n\t\t<\/div>\n\t\t\t\t\t<\/div>\n\t\t<\/section>\n\t\t\t\t\t<\/div>\n\t\t<\/div>\n\t\t\t\t<div class=\"elementor-column elementor-col-50 elementor-top-column elementor-element elementor-element-5017e45 sc_inner_width_none sc_content_align_inherit sc_layouts_column_icons_position_left sc_fly_static\" data-id=\"5017e45\" data-element_type=\"column\">\n\t\t\t<div class=\"elementor-widget-wrap\">\n\t\t\t\t\t\t\t<\/div>\n\t\t<\/div>\n\t\t\t\t\t<\/div>\n\t\t<\/section>\n\t\t\t\t<section class=\"elementor-section elementor-top-section elementor-element elementor-element-7a81963 elementor-section-boxed elementor-section-height-default elementor-section-height-default sc_fly_static\" data-id=\"7a81963\" data-element_type=\"section\" id=\"legales\">\n\t\t\t\t\t\t<div class=\"elementor-container elementor-column-gap-extended\">\n\t\t\t\t\t<div class=\"elementor-column elementor-col-100 elementor-top-column elementor-element elementor-element-a110603 sc_inner_width_none sc_content_align_inherit sc_layouts_column_icons_position_left sc_fly_static\" data-id=\"a110603\" data-element_type=\"column\">\n\t\t\t<div class=\"elementor-widget-wrap elementor-element-populated\">\n\t\t\t\t\t\t<div class=\"elementor-element elementor-element-f66f438 sc_fly_static elementor-widget elementor-widget-text-editor\" data-id=\"f66f438\" data-element_type=\"widget\" data-widget_type=\"text-editor.default\">\n\t\t\t\t<div class=\"elementor-widget-container\">\n\t\t\t\t\t\t\t\t\t<h2>Legal Information<\/h2><h3>1. Website Introduction<\/h3><p>Pursuant to Article 6 of Law No. 2004-575 of 21 June 2004 on confidence in the digital economy, users of the site <a title=\"Olivier CHARY \u2013 Howa-Tramico - www.howa-tramico.fr\" href=\"https:\/\/howa-europe.com\/\">www.howa-tramico.fr<\/a> are informed of the identity<br \/>of the various parties involved in its implementation and follow-up:<\/p><p><strong>Owner <\/strong> : Olivier CHARY \u2013 Howa-Europe \u2013 SAS Howa-Europe &#8211; 53846586500011 \u2013 RUE D&#8217;AUTHOU, 27800 BRIONNE &#8211; FRANCE <strong>Creator<\/strong> : <a href=\"http:\/\/www.ocean-communication.com\"> https:\/\/www.ocean-communication.com\/ &#8211; OCEAN COMMUNICATION<\/a><\/p><p><strong>Publication manager:<\/strong> Olivier CHARY &#8211; Olivier.CHARY@howa-tramico.com<br \/>The person responsible for publication is a physical person or a legal entity.<br \/><strong>Webmaster<\/strong> : OCEAN COMMUNICATION \u2013 info@ocean-communication.fr<br \/><strong>Hosting provider<\/strong> : OVH \u2013 2 rue Kellermann \u2013 59100 Roubaix \u2013 France<\/p><h3>2. General conditions for the use of the website and the services provided.<\/h3><p>The utilization of the site <a title=\"Olivier CHARY \u2013 Howa-Tramico - www.howa-tramico.fr\" href=\"https:\/\/howa-europe.com\/\">www.howa-tramico.fr<\/a> implies the full and complete acceptance of the general conditions of use described hereafter. These terms of use are<br \/>which may be modified or completed at any time, users of the site <a title=\"Olivier CHARY \u2013 Howa-Tramico - www.howa-tramico.fr\" href=\"https:\/\/howa-europe.com\/\">www.howa-tramico.fr<\/a> are therefore invited to consult them regularly.<\/p><p>This site is normally accessible to users at all times. An interruption for technical maintenance can be decided by Olivier CHARY &#8211; Howa-Europe, which will strive to communicate to the users beforehand.<br \/>the dates and times of the intervention.<\/p><p>The site <a title=\"Olivier CHARY \u2013 Howa-Tramico - www.howa-tramico.fr\" href=\"https:\/\/howa-europe.com\/\">www.howa-tramico.fr<\/a> is maintained regularly by Olivier CHARY. In the same way, the legal mentions can be modified at any time: they are nevertheless imposed<br \/>to the user who is invited to refer to it as often as possible in order to become familiar with it.<\/p><h3>3. Description of services provided.<\/h3><p>The purpose of the website <a title=\"Olivier CHARY \u2013 Howa-Tramico - www.howa-tramico.fr\" href=\"https:\/\/howa-europe.com\/\">www.howa-tramico.fr<\/a> is to provide information about the company&#8217;s activities.<\/p><p>Olivier CHARY &#8211; Howa-Europe makes every effort to provide information on the <a title=\"Olivier CHARY \u2013 Howa-Tramico - www.howa-tramico.fr\" href=\"https:\/\/howa-europe.com\/\">www.howa-tramico.fr<\/a> website that is as accurate as possible. However, it cannot be held responsible for<br \/>It is not responsible for any omissions, inaccuracies or shortcomings in the updating of the information, whether caused by it or by third-party partners who provide it with this information.<\/p><p>All the information on the site <a title=\"Olivier CHARY \u2013 Howa-Tramico - www.howa-tramico.fr\" href=\"https:\/\/howa-europe.com\/\">www.howa-tramico.fr<\/a> is given as an indication, and is likely to evolve. In addition, the information on<br \/><a title=\"Olivier CHARY \u2013 Howa-Tramico - www.howa-tramico.fr\" href=\"https:\/\/howa-europe.com\/\">www.howa-tramico.fr<\/a>are not exhaustive. They are given subject to changes that have been made since they were put online.<\/p><h3>4. Contractual limitations on technical data.<\/h3><p>The site uses JavaScript technology.<\/p><p>The website cannot be held responsible for material damages related to the use of the website. In addition, the user of the site undertakes to access the site using recent equipment, free of viruses and with a browser of<br \/>latest generation updated<\/p><h3>5. Intellectual property and counterfeiting.<\/h3><p>Olivier CHARY &#8211; Howa-Europe is the owner of the intellectual property rights or holds the rights of use on all the elements accessible on the site, in particular the texts, images, graphics, logos, icons, sounds, software.<\/p><p>Any reproduction, representation, modification, publication, adaptation of all or part of the elements of the site, whatever the means or the process used, is forbidden, except prior written authorization of : Olivier CHARY &#8211; Howa-Europe<\/p><p>Any unauthorized exploitation of the site or of any of the elements it contains will be considered as constituting an infringement and will be prosecuted in accordance with the provisions of articles L.335-2 and following of the Intellectual Property Code.<\/p><h3>6. Limitations of liability.<\/h3><p>Olivier CHARY &#8211; Howa-Europe cannot be held responsible for direct and indirect damage caused to the user&#8217;s equipment when accessing the site www.howa-tramico.fr, and resulting either from the use of equipment that does not comply with the specifications<br \/>indicated in point 4, or of the appearance of a bug or incompatibility.<\/p><p>Olivier CHARY &#8211; Howa-Europe cannot be held responsible for indirect damage (such as loss of market or loss of opportunity) resulting from the use of the <a title=\"Olivier CHARY \u2013 Howa-Tramico - www.howa-tramico.fr\" href=\"https:\/\/howa-europe.com\/\">www.howa-tramico.fr<\/a> website.<\/p><p>Interactive areas (possibility to ask questions in the contact area) are at the disposal of users. Olivier CHARY &#8211; Howa-Europe reserves the right to delete, without prior notice, any content posted in this space<br \/>which would violate the legislation applicable in France, in particular the provisions relating to data protection. If necessary, Olivier CHARY &#8211; Howa-Europe also reserves the right to invoke the responsibility of<br \/>The user&#8217;s civil and\/or criminal liability, particularly in the case of messages of a racist, insulting, defamatory or pornographic nature, regardless of the medium used (text, photographs, etc.).<\/p><h3>7. Personal data management.<\/h3><p>In France, personal data are notably protected by law n\u00b0 78-87 of 6 January 1978, law n\u00b0 2004-801 of 6 August 2004, article L. 226-13 of the Penal Code and the European Directive of 24 October 1995.<\/p><p>When using the <a title=\"Olivier CHARY \u2013 Howa-Tramico - www.howa-tramico.fr\" href=\"https:\/\/howa-europe.com\/\">www.howa-tramico.fr<\/a> website, the following information may be collected: the URL of the links through which the user accessed the <a title=\"Olivier CHARY \u2013 Howa-Tramico - www.howa-tramico.fr\" href=\"https:\/\/howa-europe.com\/\">www.howa-tramico.fr <\/a>website, the user&#8217;s access provider, the user&#8217;s Internet protocol (IP) address.<\/p><p>In any case, Olivier CHARY &#8211; Howa-Europe only collects personal information about the user for the purpose of certain services offered by the website <a title=\"Olivier CHARY \u2013 Howa-Tramico - www.howa-tramico.fr\" href=\"https:\/\/howa-europe.com\/\">www.howa-tramico.fr.<\/a><br \/>En tout \u00e9tat de cause, Olivier CHARY &#8211; Howa-Europe ne collecte des informations personnelles relatives \u00e0 l&#8217;utilisateur que pour le besoin de certains services propos\u00e9s par le site www.howa-tramico.fr. It is then specified to the user of the site <a title=\"Olivier CHARY \u2013 Howa-Tramico - www.howa-tramico.fr\" href=\"https:\/\/howa-europe.com\/\">www.howa-tramico.fr<\/a> whether or not they are required to provide this information.<\/p><p>In accordance with the provisions of articles 38 and following of law 78-17 of 6 January 1978 relating to information technology, files and freedoms, all users have the right to access, rectify and oppose personal data<br \/>by making a written and signed request, accompanied by a copy of the identity document with the signature of the holder of the document, specifying the address to which the reply should be sent.<\/p><p>No personal information of the user of the site <a title=\"Olivier CHARY \u2013 Howa-Tramico - www.howa-tramico.fr\" href=\"https:\/\/howa-europe.com\/\">www.howa-tramico.fr<\/a> is published without the user&#8217;s knowledge, exchanged, transferred, ceded or sold on any medium whatsoever<br \/>to third parties. Only the hypothesis of the repurchase of Olivier CHARY &#8211; Howa-Europe and its rights would allow the transmission of the aforementioned information to the possible purchaser who would be in turn held of the same obligation of conservation and modification<br \/>of the data with respect to the user of the <a title=\"Olivier CHARY \u2013 Howa-Tramico - www.howa-tramico.fr\" href=\"https:\/\/howa-europe.com\/\">www.howa-tramico.fr<\/a> website.<\/p><p>The site is not declared to the CNIL because it does not collect personal information.<\/p><p>The databases are protected by the provisions of the law of 1 July 1998 transposing Directive 96\/9 of 11 March 1996 on the legal protection of databases.<\/p><h3>8. Hyperlinks and cookies.<\/h3><p>The website <a title=\"Olivier CHARY \u2013 Howa-Tramico - www.howa-tramico.fr\" href=\"https:\/\/howa-europe.com\/\">www.howa-tramico.fr<\/a> contains a number of hyperlinks to other sites, set up with the authorisation of Olivier CHARY &#8211; Howa-Europe. However, Olivier CHARY &#8211; Howa-Europe does not have the possibility of checking the content of the sites thus visited, and consequently will not assume any responsibility for this fact.<\/p><p>Browsing the <a title=\"Olivier CHARY \u2013 Howa-Tramico - www.howa-tramico.fr\" href=\"https:\/\/howa-europe.com\/\">www.howa-tramico.fr<\/a> website may cause cookies to be installed on the user&#8217;s computer. A cookie is a small file,<br \/>which does not allow the identification of the user, but which records information about the navigation of a computer on a site. The data obtained in this way is intended to facilitate subsequent navigation on the site, and also has<br \/>the purpose is to allow various measures of frequentation.<\/p><p>Refusing to install a cookie may make it impossible to access certain services. However, the user can configure his computer in the following way to refuse the installation of cookies:<\/p><p>In Internet Explorer: Tools tab (cog-shaped icon at the top right) \/ Internet options. Click on Privacy and choose Block all cookies. Confirm by clicking on Ok.<\/p><p>In Firefox: at the top of the browser window, click on the Firefox button, then go to the Options tab. Click on the Privacy tab. Set Retention Rules to: use custom settings for history.<br \/>Finally, uncheck it to disable cookies.<\/p><p>In Safari: Click on the menu icon (symbolised by a cog) at the top right of the browser. Select Settings. Click Show advanced settings. In the &#8220;Privacy&#8221; section, click on Content settings.<br \/>In the &#8220;Cookies&#8221; section, you can block cookies.<\/p><p>In Chrome: Click on the menu icon (symbolised by three horizontal lines) at the top right of the browser. Select Settings. Click Show advanced settings. In the &#8220;Privacy&#8221; section, click on preferences.<br \/>Click on Privacy and choose Block all cookies.<\/p><h3>9. Applicable law and jurisdiction.<\/h3><p>Any dispute relating to the use of the <a title=\"Olivier CHARY \u2013 Howa-Tramico - www.howa-tramico.fr\" href=\"https:\/\/howa-europe.com\/\">www.howa-tramico.fr<\/a> website is subject to French law. Exclusive jurisdiction is given to the competent courts<br \/>of Paris.<\/p><h3>10. The main laws involved.<\/h3><p>Law no. 78-17 of 6 January 1978, notably modified by law no. 2004-801 of 6 August 2004 on information technology, files and freedoms.<\/p><p>Law n\u00b0 2004-575 of 21 June 2004 for confidence in the digital economy.<\/p><h3>11. Lexicon.<\/h3><p>User: Internet user connecting to and using the above-mentioned site.<\/p><p>Personal information: &#8220;information which allows, in any form whatsoever, directly or indirectly, the identification of the natural persons to whom it applies&#8221; (article 4 of law n\u00b0 78-17 of 6 January 1978).<\/p>\t\t\t\t\t\t\t\t<\/div>\n\t\t\t\t<\/div>\n\t\t\t\t\t<\/div>\n\t\t<\/div>\n\t\t\t\t\t<\/div>\n\t\t<\/section>\n\t\t\t\t<\/div>\n\t\t","protected":false},"excerpt":{"rendered":"<p>Legal Notice Legal Information 1. Website Introduction Pursuant to Article 6 of Law No. 2004-575 of 21 June 2004 on confidence in the digital economy, users of the site www.howa-tramico.fr&hellip;<\/p>\n","protected":false},"author":1,"featured_media":0,"parent":0,"menu_order":-1,"comment_status":"closed","ping_status":"closed","template":"","meta":{"_monsterinsights_skip_tracking":false,"_monsterinsights_sitenote_active":false,"_monsterinsights_sitenote_note":"","_monsterinsights_sitenote_category":0,"footnotes":""},"class_list":["post-20144","page","type-page","status-publish","hentry"],"yoast_head":"<!-- This site is optimized with the Yoast SEO plugin v26.2 - https:\/\/yoast.com\/wordpress\/plugins\/seo\/ -->\n<title>HOWA TRAMICO, foam manufacturing - Legal notice<\/title>\n<meta name=\"description\" content=\"Legal information on the Howa Tramico website.\" \/>\n<meta name=\"robots\" content=\"index, follow, max-snippet:-1, max-image-preview:large, max-video-preview:-1\" \/>\n<link rel=\"canonical\" href=\"https:\/\/howa-europe.com\/en\/legal-notice\/\" \/>\n<meta property=\"og:locale\" content=\"en_US\" \/>\n<meta property=\"og:type\" content=\"article\" \/>\n<meta property=\"og:title\" content=\"HOWA TRAMICO, foam manufacturing - Legal notice\" \/>\n<meta property=\"og:description\" content=\"Legal information on the Howa Tramico website.\" \/>\n<meta property=\"og:url\" content=\"https:\/\/howa-europe.com\/en\/legal-notice\/\" \/>\n<meta property=\"og:site_name\" content=\"HOWA EUROPE\" \/>\n<meta property=\"article:modified_time\" content=\"2026-02-26T09:38:24+00:00\" \/>\n<meta name=\"twitter:card\" content=\"summary_large_image\" \/>\n<meta name=\"twitter:label1\" content=\"Est. reading time\" \/>\n\t<meta name=\"twitter:data1\" content=\"7 minutes\" \/>\n<script type=\"application\/ld+json\" class=\"yoast-schema-graph\">{\"@context\":\"https:\/\/schema.org\",\"@graph\":[{\"@type\":\"WebPage\",\"@id\":\"https:\/\/howa-europe.com\/en\/legal-notice\/\",\"url\":\"https:\/\/howa-europe.com\/en\/legal-notice\/\",\"name\":\"HOWA TRAMICO, foam manufacturing - Legal notice\",\"isPartOf\":{\"@id\":\"https:\/\/howa-europe.com\/#website\"},\"datePublished\":\"2022-01-10T12:02:11+00:00\",\"dateModified\":\"2026-02-26T09:38:24+00:00\",\"description\":\"Legal information on the Howa Tramico website.\",\"breadcrumb\":{\"@id\":\"https:\/\/howa-europe.com\/en\/legal-notice\/#breadcrumb\"},\"inLanguage\":\"en-US\",\"potentialAction\":[{\"@type\":\"ReadAction\",\"target\":[\"https:\/\/howa-europe.com\/en\/legal-notice\/\"]}]},{\"@type\":\"BreadcrumbList\",\"@id\":\"https:\/\/howa-europe.com\/en\/legal-notice\/#breadcrumb\",\"itemListElement\":[{\"@type\":\"ListItem\",\"position\":1,\"name\":\"Accueil\",\"item\":\"https:\/\/howa-europe.com\/en\/\"},{\"@type\":\"ListItem\",\"position\":2,\"name\":\"Legal Notice\"}]},{\"@type\":\"WebSite\",\"@id\":\"https:\/\/howa-europe.com\/#website\",\"url\":\"https:\/\/howa-europe.com\/\",\"name\":\"HOWA EUROPE\",\"description\":\"\",\"publisher\":{\"@id\":\"https:\/\/howa-europe.com\/#organization\"},\"potentialAction\":[{\"@type\":\"SearchAction\",\"target\":{\"@type\":\"EntryPoint\",\"urlTemplate\":\"https:\/\/howa-europe.com\/?s={search_term_string}\"},\"query-input\":{\"@type\":\"PropertyValueSpecification\",\"valueRequired\":true,\"valueName\":\"search_term_string\"}}],\"inLanguage\":\"en-US\"},{\"@type\":\"Organization\",\"@id\":\"https:\/\/howa-europe.com\/#organization\",\"name\":\"HOWA EUROPE\",\"url\":\"https:\/\/howa-europe.com\/\",\"logo\":{\"@type\":\"ImageObject\",\"inLanguage\":\"en-US\",\"@id\":\"https:\/\/howa-europe.com\/#\/schema\/logo\/image\/\",\"url\":\"https:\/\/howa-europe.com\/wp-content\/uploads\/2026\/02\/cropped-LOGO-png.png\",\"contentUrl\":\"https:\/\/howa-europe.com\/wp-content\/uploads\/2026\/02\/cropped-LOGO-png.png\",\"width\":1229,\"height\":369,\"caption\":\"HOWA EUROPE\"},\"image\":{\"@id\":\"https:\/\/howa-europe.com\/#\/schema\/logo\/image\/\"}}]}<\/script>\n<!-- \/ Yoast SEO plugin. -->","yoast_head_json":{"title":"HOWA TRAMICO, foam manufacturing - Legal notice","description":"Legal information on the Howa Tramico website.","robots":{"index":"index","follow":"follow","max-snippet":"max-snippet:-1","max-image-preview":"max-image-preview:large","max-video-preview":"max-video-preview:-1"},"canonical":"https:\/\/howa-europe.com\/en\/legal-notice\/","og_locale":"en_US","og_type":"article","og_title":"HOWA TRAMICO, foam manufacturing - Legal notice","og_description":"Legal information on the Howa Tramico website.","og_url":"https:\/\/howa-europe.com\/en\/legal-notice\/","og_site_name":"HOWA EUROPE","article_modified_time":"2026-02-26T09:38:24+00:00","twitter_card":"summary_large_image","twitter_misc":{"Est. reading time":"7 minutes"},"schema":{"@context":"https:\/\/schema.org","@graph":[{"@type":"WebPage","@id":"https:\/\/howa-europe.com\/en\/legal-notice\/","url":"https:\/\/howa-europe.com\/en\/legal-notice\/","name":"HOWA TRAMICO, foam manufacturing - Legal notice","isPartOf":{"@id":"https:\/\/howa-europe.com\/#website"},"datePublished":"2022-01-10T12:02:11+00:00","dateModified":"2026-02-26T09:38:24+00:00","description":"Legal information on the Howa Tramico website.","breadcrumb":{"@id":"https:\/\/howa-europe.com\/en\/legal-notice\/#breadcrumb"},"inLanguage":"en-US","potentialAction":[{"@type":"ReadAction","target":["https:\/\/howa-europe.com\/en\/legal-notice\/"]}]},{"@type":"BreadcrumbList","@id":"https:\/\/howa-europe.com\/en\/legal-notice\/#breadcrumb","itemListElement":[{"@type":"ListItem","position":1,"name":"Accueil","item":"https:\/\/howa-europe.com\/en\/"},{"@type":"ListItem","position":2,"name":"Legal Notice"}]},{"@type":"WebSite","@id":"https:\/\/howa-europe.com\/#website","url":"https:\/\/howa-europe.com\/","name":"HOWA EUROPE","description":"","publisher":{"@id":"https:\/\/howa-europe.com\/#organization"},"potentialAction":[{"@type":"SearchAction","target":{"@type":"EntryPoint","urlTemplate":"https:\/\/howa-europe.com\/?s={search_term_string}"},"query-input":{"@type":"PropertyValueSpecification","valueRequired":true,"valueName":"search_term_string"}}],"inLanguage":"en-US"},{"@type":"Organization","@id":"https:\/\/howa-europe.com\/#organization","name":"HOWA EUROPE","url":"https:\/\/howa-europe.com\/","logo":{"@type":"ImageObject","inLanguage":"en-US","@id":"https:\/\/howa-europe.com\/#\/schema\/logo\/image\/","url":"https:\/\/howa-europe.com\/wp-content\/uploads\/2026\/02\/cropped-LOGO-png.png","contentUrl":"https:\/\/howa-europe.com\/wp-content\/uploads\/2026\/02\/cropped-LOGO-png.png","width":1229,"height":369,"caption":"HOWA EUROPE"},"image":{"@id":"https:\/\/howa-europe.com\/#\/schema\/logo\/image\/"}}]}},"_links":{"self":[{"href":"https:\/\/howa-europe.com\/en\/wp-json\/wp\/v2\/pages\/20144","targetHints":{"allow":["GET"]}}],"collection":[{"href":"https:\/\/howa-europe.com\/en\/wp-json\/wp\/v2\/pages"}],"about":[{"href":"https:\/\/howa-europe.com\/en\/wp-json\/wp\/v2\/types\/page"}],"author":[{"embeddable":true,"href":"https:\/\/howa-europe.com\/en\/wp-json\/wp\/v2\/users\/1"}],"replies":[{"embeddable":true,"href":"https:\/\/howa-europe.com\/en\/wp-json\/wp\/v2\/comments?post=20144"}],"version-history":[{"count":10,"href":"https:\/\/howa-europe.com\/en\/wp-json\/wp\/v2\/pages\/20144\/revisions"}],"predecessor-version":[{"id":21131,"href":"https:\/\/howa-europe.com\/en\/wp-json\/wp\/v2\/pages\/20144\/revisions\/21131"}],"wp:attachment":[{"href":"https:\/\/howa-europe.com\/en\/wp-json\/wp\/v2\/media?parent=20144"}],"curies":[{"name":"wp","href":"https:\/\/api.w.org\/{rel}","templated":true}]}}